{"id":26,"date":"2020-03-12T10:05:17","date_gmt":"2020-03-12T10:05:17","guid":{"rendered":"https:\/\/png.laugau.com\/?page_id=26"},"modified":"2020-03-25T09:30:22","modified_gmt":"2020-03-25T08:30:22","slug":"ressources-et-documentation","status":"publish","type":"page","link":"https:\/\/genie-vegetal-caraibe.org\/es\/recursos-y-documentacion\/","title":{"rendered":"Recursos y documentaci\u00f3n"},"content":{"rendered":"","protected":false},"excerpt":{"rendered":"<p>Retrouvez toutes les informations pour en savoir plus sur le g\u00e9nie v\u00e9g\u00e9tal et le projet PROT\u00c9GER.<\/p>","protected":false},"author":1,"featured_media":0,"parent":0,"menu_order":0,"comment_status":"closed","ping_status":"closed","template":"","meta":{"_acf_changed":false,"_seopress_robots_primary_cat":"","_seopress_titles_title":"","_seopress_titles_desc":"","_seopress_robots_index":"","footnotes":""},"class_list":["post-26","page","type-page","status-publish","hentry"],"acf":[],"_links":{"self":[{"href":"https:\/\/genie-vegetal-caraibe.org\/es\/wp-json\/wp\/v2\/pages\/26","targetHints":{"allow":["GET"]}}],"collection":[{"href":"https:\/\/genie-vegetal-caraibe.org\/es\/wp-json\/wp\/v2\/pages"}],"about":[{"href":"https:\/\/genie-vegetal-caraibe.org\/es\/wp-json\/wp\/v2\/types\/page"}],"author":[{"embeddable":true,"href":"https:\/\/genie-vegetal-caraibe.org\/es\/wp-json\/wp\/v2\/users\/1"}],"replies":[{"embeddable":true,"href":"https:\/\/genie-vegetal-caraibe.org\/es\/wp-json\/wp\/v2\/comments?post=26"}],"version-history":[{"count":2,"href":"https:\/\/genie-vegetal-caraibe.org\/es\/wp-json\/wp\/v2\/pages\/26\/revisions"}],"predecessor-version":[{"id":241,"href":"https:\/\/genie-vegetal-caraibe.org\/es\/wp-json\/wp\/v2\/pages\/26\/revisions\/241"}],"wp:attachment":[{"href":"https:\/\/genie-vegetal-caraibe.org\/es\/wp-json\/wp\/v2\/media?parent=26"}],"curies":[{"name":"wp","href":"https:\/\/api.w.org\/{rel}","templated":true}]}}