{"id":23,"date":"2020-03-12T10:05:03","date_gmt":"2020-03-12T10:05:03","guid":{"rendered":"https:\/\/png.laugau.com\/?page_id=23"},"modified":"2020-03-25T09:27:07","modified_gmt":"2020-03-25T08:27:07","slug":"le-projet-proteger","status":"publish","type":"page","link":"https:\/\/genie-vegetal-caraibe.org\/es\/proyecto-proteger\/","title":{"rendered":"El proyecto\u2028 PROTEGER"},"content":{"rendered":"","protected":false},"excerpt":{"rendered":"<p>Le projet vise \u00e0 pr\u00e9server la biodiversit\u00e9 des milieux aquatiques, tout en prot\u00e9geant les biens et les personnes lors d'\u00e9v\u00e8nements naturels \u00e0 risque...<\/p>","protected":false},"author":1,"featured_media":0,"parent":0,"menu_order":0,"comment_status":"closed","ping_status":"closed","template":"","meta":{"_acf_changed":false,"_seopress_robots_primary_cat":"","_seopress_titles_title":"Le projet PROT\u00c9GER","_seopress_titles_desc":"Le projet vise \u00e0 pr\u00e9server la biodiversit\u00e9 des milieux aquatiques, tout en prot\u00e9geant les biens et les personnes lors d&#039;\u00e9v\u00e8nements naturels \u00e0 risque...","_seopress_robots_index":"","footnotes":""},"class_list":["post-23","page","type-page","status-publish","hentry"],"acf":[],"_links":{"self":[{"href":"https:\/\/genie-vegetal-caraibe.org\/es\/wp-json\/wp\/v2\/pages\/23","targetHints":{"allow":["GET"]}}],"collection":[{"href":"https:\/\/genie-vegetal-caraibe.org\/es\/wp-json\/wp\/v2\/pages"}],"about":[{"href":"https:\/\/genie-vegetal-caraibe.org\/es\/wp-json\/wp\/v2\/types\/page"}],"author":[{"embeddable":true,"href":"https:\/\/genie-vegetal-caraibe.org\/es\/wp-json\/wp\/v2\/users\/1"}],"replies":[{"embeddable":true,"href":"https:\/\/genie-vegetal-caraibe.org\/es\/wp-json\/wp\/v2\/comments?post=23"}],"version-history":[{"count":2,"href":"https:\/\/genie-vegetal-caraibe.org\/es\/wp-json\/wp\/v2\/pages\/23\/revisions"}],"predecessor-version":[{"id":237,"href":"https:\/\/genie-vegetal-caraibe.org\/es\/wp-json\/wp\/v2\/pages\/23\/revisions\/237"}],"wp:attachment":[{"href":"https:\/\/genie-vegetal-caraibe.org\/es\/wp-json\/wp\/v2\/media?parent=23"}],"curies":[{"name":"wp","href":"https:\/\/api.w.org\/{rel}","templated":true}]}}