{"id":131,"date":"2020-03-18T06:45:06","date_gmt":"2020-03-18T05:45:06","guid":{"rendered":"https:\/\/png.laugau.com\/?page_id=131"},"modified":"2020-03-25T09:26:51","modified_gmt":"2020-03-25T08:26:51","slug":"les-especes-utilisables-en-genie-vegetal","status":"publish","type":"page","link":"https:\/\/genie-vegetal-caraibe.org\/es\/bioingenieria\/especies-que-pueden-ser-utilizadas-en-la-bioingenieria\/","title":{"rendered":"Especies que pueden ser utilizadas en la bioingenier\u00eda"},"content":{"rendered":"","protected":false},"excerpt":{"rendered":"<p>Dans le cadre du projet \u00ab PROT\u00c9GER \u00bb, une quarantaine d\u2019esp\u00e8ces potentiellement utilisables en g\u00e9nie v\u00e9g\u00e9tal sont \u00e9tudi\u00e9es.<\/p>","protected":false},"author":1,"featured_media":0,"parent":17,"menu_order":0,"comment_status":"closed","ping_status":"closed","template":"","meta":{"_acf_changed":false,"_seopress_robots_primary_cat":"","_seopress_titles_title":"Les esp\u00e8ces utilisables en g\u00e9nie v\u00e9g\u00e9tal","_seopress_titles_desc":"Dans le cadre du projet \u00ab PROT\u00c9GER \u00bb, une quarantaine d\u2019esp\u00e8ces potentiellement utilisables en g\u00e9nie v\u00e9g\u00e9tal sont \u00e9tudi\u00e9es.","_seopress_robots_index":"","footnotes":""},"class_list":["post-131","page","type-page","status-publish","hentry"],"acf":[],"_links":{"self":[{"href":"https:\/\/genie-vegetal-caraibe.org\/es\/wp-json\/wp\/v2\/pages\/131","targetHints":{"allow":["GET"]}}],"collection":[{"href":"https:\/\/genie-vegetal-caraibe.org\/es\/wp-json\/wp\/v2\/pages"}],"about":[{"href":"https:\/\/genie-vegetal-caraibe.org\/es\/wp-json\/wp\/v2\/types\/page"}],"author":[{"embeddable":true,"href":"https:\/\/genie-vegetal-caraibe.org\/es\/wp-json\/wp\/v2\/users\/1"}],"replies":[{"embeddable":true,"href":"https:\/\/genie-vegetal-caraibe.org\/es\/wp-json\/wp\/v2\/comments?post=131"}],"version-history":[{"count":2,"href":"https:\/\/genie-vegetal-caraibe.org\/es\/wp-json\/wp\/v2\/pages\/131\/revisions"}],"predecessor-version":[{"id":235,"href":"https:\/\/genie-vegetal-caraibe.org\/es\/wp-json\/wp\/v2\/pages\/131\/revisions\/235"}],"up":[{"embeddable":true,"href":"https:\/\/genie-vegetal-caraibe.org\/es\/wp-json\/wp\/v2\/pages\/17"}],"wp:attachment":[{"href":"https:\/\/genie-vegetal-caraibe.org\/es\/wp-json\/wp\/v2\/media?parent=131"}],"curies":[{"name":"wp","href":"https:\/\/api.w.org\/{rel}","templated":true}]}}