{"id":13,"date":"2020-03-12T10:04:02","date_gmt":"2020-03-12T10:04:02","guid":{"rendered":"https:\/\/png.laugau.com\/?page_id=13"},"modified":"2023-06-05T03:29:27","modified_gmt":"2023-06-05T07:29:27","slug":"page-daccueil","status":"publish","type":"page","link":"https:\/\/genie-vegetal-caraibe.org\/es\/","title":{"rendered":"Page d'accueil"},"content":{"rendered":"","protected":false},"excerpt":{"rendered":"<p>Para la promoci\u00f3n y el desarrollo de la ingenier\u00eda ecol\u00f3gica en los r\u00edos de Guadalupe... \u00a1y en otros lugares!<\/p>","protected":false},"author":1,"featured_media":0,"parent":0,"menu_order":0,"comment_status":"closed","ping_status":"closed","template":"","meta":{"_acf_changed":false,"_seopress_robots_primary_cat":"","_seopress_titles_title":"PROT\u00c9GER - Genie V\u00e9getal Caraibe.org","_seopress_titles_desc":"Pour la promotion et le d\u00e9veloppement du g\u00e9nie \u00e9cologique dans les rivi\u00e8res de Guadeloupe\u2026 et d\u2019ailleurs !","_seopress_robots_index":"","footnotes":""},"class_list":["post-13","page","type-page","status-publish","hentry"],"acf":[],"_links":{"self":[{"href":"https:\/\/genie-vegetal-caraibe.org\/es\/wp-json\/wp\/v2\/pages\/13","targetHints":{"allow":["GET"]}}],"collection":[{"href":"https:\/\/genie-vegetal-caraibe.org\/es\/wp-json\/wp\/v2\/pages"}],"about":[{"href":"https:\/\/genie-vegetal-caraibe.org\/es\/wp-json\/wp\/v2\/types\/page"}],"author":[{"embeddable":true,"href":"https:\/\/genie-vegetal-caraibe.org\/es\/wp-json\/wp\/v2\/users\/1"}],"replies":[{"embeddable":true,"href":"https:\/\/genie-vegetal-caraibe.org\/es\/wp-json\/wp\/v2\/comments?post=13"}],"version-history":[{"count":2,"href":"https:\/\/genie-vegetal-caraibe.org\/es\/wp-json\/wp\/v2\/pages\/13\/revisions"}],"predecessor-version":[{"id":240,"href":"https:\/\/genie-vegetal-caraibe.org\/es\/wp-json\/wp\/v2\/pages\/13\/revisions\/240"}],"wp:attachment":[{"href":"https:\/\/genie-vegetal-caraibe.org\/es\/wp-json\/wp\/v2\/media?parent=13"}],"curies":[{"name":"wp","href":"https:\/\/api.w.org\/{rel}","templated":true}]}}