{"id":17,"date":"2020-03-12T10:04:30","date_gmt":"2020-03-12T10:04:30","guid":{"rendered":"https:\/\/png.laugau.com\/?page_id=17"},"modified":"2020-03-25T09:26:42","modified_gmt":"2020-03-25T08:26:42","slug":"le-genie-vegetal","status":"publish","type":"page","link":"https:\/\/genie-vegetal-caraibe.org\/en\/bioengineering\/","title":{"rendered":"Le g\u00e9nie v\u00e9g\u00e9tal"},"content":{"rendered":"","protected":false},"excerpt":{"rendered":"<p>Le g\u00e9nie v\u00e9g\u00e9tal est la mise en \u0153uvre des techniques utilisant les v\u00e9g\u00e9taux pour maintenir les sols, notamment pour traiter des probl\u00e8mes li\u00e9s \u00e0 l\u2019\u00e9rosion.<\/p>","protected":false},"author":1,"featured_media":0,"parent":0,"menu_order":0,"comment_status":"closed","ping_status":"closed","template":"","meta":{"_acf_changed":false,"_seopress_robots_primary_cat":"","_seopress_titles_title":"Le g\u00e9nie v\u00e9g\u00e9tal en milieu tropical","_seopress_titles_desc":"Le g\u00e9nie v\u00e9g\u00e9tal est la mise en \u0153uvre des techniques utilisant les v\u00e9g\u00e9taux pour maintenir les sols, notamment pour traiter des probl\u00e8mes li\u00e9s \u00e0 l\u2019\u00e9rosion.","_seopress_robots_index":"","footnotes":""},"class_list":["post-17","page","type-page","status-publish","hentry"],"acf":[],"_links":{"self":[{"href":"https:\/\/genie-vegetal-caraibe.org\/en\/wp-json\/wp\/v2\/pages\/17","targetHints":{"allow":["GET"]}}],"collection":[{"href":"https:\/\/genie-vegetal-caraibe.org\/en\/wp-json\/wp\/v2\/pages"}],"about":[{"href":"https:\/\/genie-vegetal-caraibe.org\/en\/wp-json\/wp\/v2\/types\/page"}],"author":[{"embeddable":true,"href":"https:\/\/genie-vegetal-caraibe.org\/en\/wp-json\/wp\/v2\/users\/1"}],"replies":[{"embeddable":true,"href":"https:\/\/genie-vegetal-caraibe.org\/en\/wp-json\/wp\/v2\/comments?post=17"}],"version-history":[{"count":2,"href":"https:\/\/genie-vegetal-caraibe.org\/en\/wp-json\/wp\/v2\/pages\/17\/revisions"}],"predecessor-version":[{"id":234,"href":"https:\/\/genie-vegetal-caraibe.org\/en\/wp-json\/wp\/v2\/pages\/17\/revisions\/234"}],"wp:attachment":[{"href":"https:\/\/genie-vegetal-caraibe.org\/en\/wp-json\/wp\/v2\/media?parent=17"}],"curies":[{"name":"wp","href":"https:\/\/api.w.org\/{rel}","templated":true}]}}