{"id":113,"date":"2020-03-17T12:13:17","date_gmt":"2020-03-17T11:13:17","guid":{"rendered":"https:\/\/png.laugau.com\/?page_id=113"},"modified":"2020-03-25T09:27:00","modified_gmt":"2020-03-25T08:27:00","slug":"les-techniques-de-genie-vegetal","status":"publish","type":"page","link":"https:\/\/genie-vegetal-caraibe.org\/en\/bioengineering\/les-techniques-de-genie-vegetal\/","title":{"rendered":"Bioengineering techniques"},"content":{"rendered":"","protected":false},"excerpt":{"rendered":"<p>Diff\u00e9rentes techniques de g\u00e9nie v\u00e9g\u00e9tal peuvent \u00eatre mises en place, en fonction du site, des travaux concern\u00e9s, des contraintes observ\u00e9es...<\/p>","protected":false},"author":1,"featured_media":0,"parent":17,"menu_order":0,"comment_status":"closed","ping_status":"closed","template":"","meta":{"_acf_changed":false,"_seopress_robots_primary_cat":"","_seopress_titles_title":"Les techniques de g\u00e9nie v\u00e9g\u00e9tal","_seopress_titles_desc":"Diff\u00e9rentes techniques de g\u00e9nie v\u00e9g\u00e9tal peuvent \u00eatre mises en place, en fonction du site, des travaux concern\u00e9s, des contraintes observ\u00e9es...","_seopress_robots_index":"","footnotes":""},"class_list":["post-113","page","type-page","status-publish","hentry"],"acf":[],"_links":{"self":[{"href":"https:\/\/genie-vegetal-caraibe.org\/en\/wp-json\/wp\/v2\/pages\/113","targetHints":{"allow":["GET"]}}],"collection":[{"href":"https:\/\/genie-vegetal-caraibe.org\/en\/wp-json\/wp\/v2\/pages"}],"about":[{"href":"https:\/\/genie-vegetal-caraibe.org\/en\/wp-json\/wp\/v2\/types\/page"}],"author":[{"embeddable":true,"href":"https:\/\/genie-vegetal-caraibe.org\/en\/wp-json\/wp\/v2\/users\/1"}],"replies":[{"embeddable":true,"href":"https:\/\/genie-vegetal-caraibe.org\/en\/wp-json\/wp\/v2\/comments?post=113"}],"version-history":[{"count":2,"href":"https:\/\/genie-vegetal-caraibe.org\/en\/wp-json\/wp\/v2\/pages\/113\/revisions"}],"predecessor-version":[{"id":236,"href":"https:\/\/genie-vegetal-caraibe.org\/en\/wp-json\/wp\/v2\/pages\/113\/revisions\/236"}],"up":[{"embeddable":true,"href":"https:\/\/genie-vegetal-caraibe.org\/en\/wp-json\/wp\/v2\/pages\/17"}],"wp:attachment":[{"href":"https:\/\/genie-vegetal-caraibe.org\/en\/wp-json\/wp\/v2\/media?parent=113"}],"curies":[{"name":"wp","href":"https:\/\/api.w.org\/{rel}","templated":true}]}}